{"id":41,"date":"2026-05-13T14:14:25","date_gmt":"2026-05-13T14:14:25","guid":{"rendered":"https:\/\/transformacionesalmenar.es\/?page_id=41"},"modified":"2026-05-13T15:30:04","modified_gmt":"2026-05-13T15:30:04","slug":"home","status":"publish","type":"page","link":"https:\/\/transformacionesalmenar.es\/","title":{"rendered":"Home"},"content":{"rendered":"\t\t<div data-elementor-type=\"wp-page\" data-elementor-id=\"41\" class=\"elementor elementor-41\">\n\t\t\t\t<div class=\"elementor-element elementor-element-7426c920 e-flex e-con-boxed e-con e-parent\" data-id=\"7426c920\" data-element_type=\"container\" data-e-type=\"container\" data-settings=\"{&quot;background_background&quot;:&quot;classic&quot;}\">\n\t\t\t\t\t<div class=\"e-con-inner\">\n\t\t\t\t<div class=\"elementor-element elementor-element-4a0fd027 elementor-widget elementor-widget-heading\" data-id=\"4a0fd027\" data-element_type=\"widget\" data-e-type=\"widget\" data-widget_type=\"heading.default\">\n\t\t\t\t\t<h1 class=\"elementor-heading-title elementor-size-default\">Especialistas en transformaci\u00f3n de fincas y servicios forestales en Sagunto<\/h1>\t\t\t\t<\/div>\n\t\t\t\t<div class=\"elementor-element elementor-element-505bff5e elementor-widget elementor-widget-heading\" data-id=\"505bff5e\" data-element_type=\"widget\" data-e-type=\"widget\" data-widget_type=\"heading.default\">\n\t\t\t\t\t<h5 class=\"elementor-heading-title elementor-size-default\">En Transformaciones Almenar e Hijos S.L. somos una empresa especializada en trabajos agr\u00edcolas, forestales y movimiento de tierras, ofreciendo soluciones completas para fincas, terrenos r\u00fasticos y proyectos agr\u00edcolas.<\/h5>\t\t\t\t<\/div>\n\t\t\t\t<div class=\"elementor-element elementor-element-4b7c188d elementor-align-center elementor-widget elementor-widget-button\" data-id=\"4b7c188d\" data-element_type=\"widget\" data-e-type=\"widget\" data-widget_type=\"button.default\">\n\t\t\t\t\t\t\t\t\t\t<a class=\"elementor-button elementor-button-link elementor-size-sm\" href=\"http:\/\/Contacto\">\n\t\t\t\t\t\t<span class=\"elementor-button-content-wrapper\">\n\t\t\t\t\t\t\t\t\t<span class=\"elementor-button-text\">Contactanos<\/span>\n\t\t\t\t\t<\/span>\n\t\t\t\t\t<\/a>\n\t\t\t\t\t\t\t\t<\/div>\n\t\t\t\t\t<\/div>\n\t\t\t\t<\/div>\n\t\t<div class=\"elementor-element elementor-element-3034535b e-con-full e-flex e-con e-parent\" data-id=\"3034535b\" data-element_type=\"container\" data-e-type=\"container\">\n\t\t<div class=\"elementor-element elementor-element-6a263b30 e-con-full e-flex e-con e-child\" data-id=\"6a263b30\" data-element_type=\"container\" data-e-type=\"container\">\n\t\t\t\t<div class=\"elementor-element elementor-element-39b4cc8f elementor-widget elementor-widget-heading\" data-id=\"39b4cc8f\" data-element_type=\"widget\" data-e-type=\"widget\" data-widget_type=\"heading.default\">\n\t\t\t\t\t<h2 class=\"elementor-heading-title elementor-size-default\">Tu terreno en manos profesionales<\/h2>\t\t\t\t<\/div>\n\t\t\t\t<div class=\"elementor-element elementor-element-2ef045f7 elementor-widget elementor-widget-heading\" data-id=\"2ef045f7\" data-element_type=\"widget\" data-e-type=\"widget\" data-widget_type=\"heading.default\">\n\t\t\t\t\t<h5 class=\"elementor-heading-title elementor-size-default\">Con base en Sagunto (Valencia), llevamos a cabo trabajos de:<\/h5>\t\t\t\t<\/div>\n\t\t\t\t<div class=\"elementor-element elementor-element-6cca1cbf elementor-widget elementor-widget-text-editor\" data-id=\"6cca1cbf\" data-element_type=\"widget\" data-e-type=\"widget\" data-widget_type=\"text-editor.default\">\n\t\t\t\t\t\t\t\t\t<ul>\n \t<li>Transformaci\u00f3n y preparaci\u00f3n de fincas<\/li>\n<\/ul>\n<ul>\n \t<li>Movimiento de tierras<\/li>\n<\/ul>\n<ul>\n \t<li>Trituraci\u00f3n y desbroce forestal<\/li>\n<\/ul>\n<ul>\n \t<li>Mantenimiento agr\u00edcola<\/li>\n<\/ul>\n<ul>\n \t<li>Montaje de tuber\u00edas<\/li>\n<\/ul>\t\t\t\t\t\t\t\t<\/div>\n\t\t\t\t<div class=\"elementor-element elementor-element-5b473ebf elementor-invisible elementor-widget elementor-widget-button\" data-id=\"5b473ebf\" data-element_type=\"widget\" data-e-type=\"widget\" data-settings=\"{&quot;_animation&quot;:&quot;fadeInDown&quot;}\" data-widget_type=\"button.default\">\n\t\t\t\t\t\t\t\t\t\t<a class=\"elementor-button elementor-button-link elementor-size-sm\" href=\"\/empresa\">\n\t\t\t\t\t\t<span class=\"elementor-button-content-wrapper\">\n\t\t\t\t\t\t\t\t\t<span class=\"elementor-button-text\">Empresa<\/span>\n\t\t\t\t\t<\/span>\n\t\t\t\t\t<\/a>\n\t\t\t\t\t\t\t\t<\/div>\n\t\t\t\t<\/div>\n\t\t<div class=\"elementor-element elementor-element-5b47e6ab e-con-full e-flex e-con e-child\" data-id=\"5b47e6ab\" data-element_type=\"container\" data-e-type=\"container\">\n\t\t\t\t<div class=\"elementor-element elementor-element-3f9683f3 elementor-widget elementor-widget-image\" data-id=\"3f9683f3\" data-element_type=\"widget\" data-e-type=\"widget\" data-widget_type=\"image.default\">\n\t\t\t\t\t\t\t\t\t\t\t\t\t\t\t<img fetchpriority=\"high\" decoding=\"async\" width=\"1920\" height=\"1440\" src=\"https:\/\/transformacionesalmenar.es\/wp-content\/uploads\/2026\/05\/648847009_1432893738632635_705532054037097189_n.jpg\" class=\"attachment-full size-full wp-image-79\" alt=\"\" srcset=\"https:\/\/transformacionesalmenar.es\/wp-content\/uploads\/2026\/05\/648847009_1432893738632635_705532054037097189_n.jpg 1920w, https:\/\/transformacionesalmenar.es\/wp-content\/uploads\/2026\/05\/648847009_1432893738632635_705532054037097189_n-300x225.jpg 300w, https:\/\/transformacionesalmenar.es\/wp-content\/uploads\/2026\/05\/648847009_1432893738632635_705532054037097189_n-1024x768.jpg 1024w, https:\/\/transformacionesalmenar.es\/wp-content\/uploads\/2026\/05\/648847009_1432893738632635_705532054037097189_n-768x576.jpg 768w, https:\/\/transformacionesalmenar.es\/wp-content\/uploads\/2026\/05\/648847009_1432893738632635_705532054037097189_n-1536x1152.jpg 1536w\" sizes=\"(max-width: 1920px) 100vw, 1920px\" \/>\t\t\t\t\t\t\t\t\t\t\t\t\t\t\t<\/div>\n\t\t\t\t<\/div>\n\t\t\t\t<\/div>\n\t\t<div class=\"elementor-element elementor-element-294cc845 e-con-full e-flex e-con e-parent\" data-id=\"294cc845\" data-element_type=\"container\" data-e-type=\"container\" data-settings=\"{&quot;background_background&quot;:&quot;classic&quot;}\">\n\t\t\t\t<div class=\"elementor-element elementor-element-5358ca67 elementor-widget elementor-widget-heading\" data-id=\"5358ca67\" data-element_type=\"widget\" data-e-type=\"widget\" data-widget_type=\"heading.default\">\n\t\t\t\t\t<h2 class=\"elementor-heading-title elementor-size-default\">Nuestro objetivo es ayudar a nuestros clientes<\/h2>\t\t\t\t<\/div>\n\t\t\t\t<div class=\"elementor-element elementor-element-595c7150 elementor-widget elementor-widget-heading\" data-id=\"595c7150\" data-element_type=\"widget\" data-e-type=\"widget\" data-widget_type=\"heading.default\">\n\t\t\t\t\t<h5 class=\"elementor-heading-title elementor-size-default\">Trabajamos tanto con maquinaria especializada como con t\u00e9cnicas manuales, adapt\u00e1ndonos a cada terreno y necesidad, garantizando siempre un resultado eficaz y profesional.<\/h5>\t\t\t\t<\/div>\n\t\t\t\t<div class=\"elementor-element elementor-element-151f62bb elementor-widget elementor-widget-image-carousel\" data-id=\"151f62bb\" data-element_type=\"widget\" data-e-type=\"widget\" data-settings=\"{&quot;slides_to_show&quot;:&quot;6&quot;,&quot;slides_to_show_tablet&quot;:&quot;3&quot;,&quot;navigation&quot;:&quot;none&quot;,&quot;pause_on_hover&quot;:&quot;no&quot;,&quot;pause_on_interaction&quot;:&quot;no&quot;,&quot;image_spacing_custom&quot;:{&quot;unit&quot;:&quot;px&quot;,&quot;size&quot;:&quot;55&quot;,&quot;sizes&quot;:[]},&quot;slides_to_scroll_tablet&quot;:&quot;1&quot;,&quot;slides_to_show_mobile&quot;:&quot;1&quot;,&quot;autoplay&quot;:&quot;yes&quot;,&quot;autoplay_speed&quot;:5000,&quot;infinite&quot;:&quot;yes&quot;,&quot;speed&quot;:500,&quot;image_spacing_custom_tablet&quot;:{&quot;unit&quot;:&quot;px&quot;,&quot;size&quot;:&quot;&quot;,&quot;sizes&quot;:[]}}\" data-widget_type=\"image-carousel.default\">\n\t\t\t\t\t\t\t<div class=\"elementor-image-carousel-wrapper swiper\" role=\"region\" aria-roledescription=\"carousel\" aria-label=\"Carrusel de im\u00e1genes\" dir=\"ltr\">\n\t\t\t<div class=\"elementor-image-carousel swiper-wrapper\" aria-live=\"off\">\n\t\t\t\t\t\t\t\t<div class=\"swiper-slide\" role=\"group\" aria-roledescription=\"slide\" aria-label=\"1 de 9\"><figure class=\"swiper-slide-inner\"><img decoding=\"async\" class=\"swiper-slide-image\" src=\"https:\/\/transformacionesalmenar.es\/wp-content\/uploads\/2026\/05\/619261674_1396802272241782_1116738027313091410_n.jpg\" alt=\"619261674_1396802272241782_1116738027313091410_n\" \/><\/figure><\/div><div class=\"swiper-slide\" role=\"group\" aria-roledescription=\"slide\" aria-label=\"2 de 9\"><figure class=\"swiper-slide-inner\"><img decoding=\"async\" class=\"swiper-slide-image\" src=\"https:\/\/transformacionesalmenar.es\/wp-content\/uploads\/2026\/05\/619424143_1396802278908448_5354105377221558764_n.jpg\" alt=\"619424143_1396802278908448_5354105377221558764_n\" \/><\/figure><\/div><div class=\"swiper-slide\" role=\"group\" aria-roledescription=\"slide\" aria-label=\"3 de 9\"><figure class=\"swiper-slide-inner\"><img decoding=\"async\" class=\"swiper-slide-image\" src=\"https:\/\/transformacionesalmenar.es\/wp-content\/uploads\/2026\/05\/619588283_1396802245575118_8885689716100611385_n.jpg\" alt=\"619588283_1396802245575118_8885689716100611385_n\" \/><\/figure><\/div><div class=\"swiper-slide\" role=\"group\" aria-roledescription=\"slide\" aria-label=\"4 de 9\"><figure class=\"swiper-slide-inner\"><img decoding=\"async\" class=\"swiper-slide-image\" src=\"https:\/\/transformacionesalmenar.es\/wp-content\/uploads\/2026\/05\/619595406_1396802205575122_257746579960424066_n.jpg\" alt=\"619595406_1396802205575122_257746579960424066_n\" \/><\/figure><\/div><div class=\"swiper-slide\" role=\"group\" aria-roledescription=\"slide\" aria-label=\"5 de 9\"><figure class=\"swiper-slide-inner\"><img decoding=\"async\" class=\"swiper-slide-image\" src=\"https:\/\/transformacionesalmenar.es\/wp-content\/uploads\/2026\/05\/619648808_1396802212241788_7463043755374703461_n.jpg\" alt=\"619648808_1396802212241788_7463043755374703461_n\" \/><\/figure><\/div><div class=\"swiper-slide\" role=\"group\" aria-roledescription=\"slide\" aria-label=\"6 de 9\"><figure class=\"swiper-slide-inner\"><img decoding=\"async\" class=\"swiper-slide-image\" src=\"https:\/\/transformacionesalmenar.es\/wp-content\/uploads\/2026\/05\/622294004_1396802252241784_2855937602135530590_n.jpg\" alt=\"622294004_1396802252241784_2855937602135530590_n\" \/><\/figure><\/div><div class=\"swiper-slide\" role=\"group\" aria-roledescription=\"slide\" aria-label=\"7 de 9\"><figure class=\"swiper-slide-inner\"><img decoding=\"async\" class=\"swiper-slide-image\" src=\"https:\/\/transformacionesalmenar.es\/wp-content\/uploads\/2026\/05\/622718376_1396802322241777_7780701866237413781_n.jpg\" alt=\"622718376_1396802322241777_7780701866237413781_n\" \/><\/figure><\/div><div class=\"swiper-slide\" role=\"group\" aria-roledescription=\"slide\" aria-label=\"8 de 9\"><figure class=\"swiper-slide-inner\"><img decoding=\"async\" class=\"swiper-slide-image\" src=\"https:\/\/transformacionesalmenar.es\/wp-content\/uploads\/2026\/05\/624332909_1396802312241778_6098995155681152891_n.jpg\" alt=\"624332909_1396802312241778_6098995155681152891_n\" \/><\/figure><\/div><div class=\"swiper-slide\" role=\"group\" aria-roledescription=\"slide\" aria-label=\"9 de 9\"><figure class=\"swiper-slide-inner\"><img decoding=\"async\" class=\"swiper-slide-image\" src=\"https:\/\/transformacionesalmenar.es\/wp-content\/uploads\/2026\/05\/629161177_1409709170951092_1785002751057441539_n.jpg\" alt=\"629161177_1409709170951092_1785002751057441539_n\" \/><\/figure><\/div>\t\t\t<\/div>\n\t\t\t\t\t\t\t\n\t\t\t\t\t\t\t\t\t<\/div>\n\t\t\t\t\t\t<\/div>\n\t\t\t\t<\/div>\n\t\t<div class=\"elementor-element elementor-element-466e6448 e-con-full e-flex e-con e-parent\" data-id=\"466e6448\" data-element_type=\"container\" data-e-type=\"container\" data-settings=\"{&quot;background_background&quot;:&quot;classic&quot;}\">\n\t\t<div class=\"elementor-element elementor-element-64baf2cb e-con-full e-flex e-con e-child\" data-id=\"64baf2cb\" data-element_type=\"container\" data-e-type=\"container\">\n\t\t\t\t<div class=\"elementor-element elementor-element-439cd7c4 elementor-widget elementor-widget-heading\" data-id=\"439cd7c4\" data-element_type=\"widget\" data-e-type=\"widget\" data-widget_type=\"heading.default\">\n\t\t\t\t\t<h2 class=\"elementor-heading-title elementor-size-default\">Optimizar sus terrenos, mejorar la productividad y mantener sus fincas en las mejores condiciones.<\/h2>\t\t\t\t<\/div>\n\t\t\t\t<div class=\"elementor-element elementor-element-bfaa58b elementor-widget elementor-widget-text-editor\" data-id=\"bfaa58b\" data-element_type=\"widget\" data-e-type=\"widget\" data-widget_type=\"text-editor.default\">\n\t\t\t\t\t\t\t\t\t<p><style>\na {\n    text-decoration: none;\n    color: #464feb;\n}\ntr th, tr td {\n    border: 1px solid #e6e6e6;\n}\ntr th {\n    background-color: #f5f5f5;\n}\n<\/style><\/p><div>Sabemos que cada finca es diferente. Por eso ofrecemos un servicio personalizado, estudiando cada proyecto para aplicar la soluci\u00f3n m\u00e1s adecuada, ya sea en trabajos agr\u00edcolas, forestales o de acondicionamiento del terreno.<\/div>\t\t\t\t\t\t\t\t<\/div>\n\t\t\t\t<\/div>\n\t\t<div class=\"elementor-element elementor-element-5a16065 e-con-full e-flex e-con e-child\" data-id=\"5a16065\" data-element_type=\"container\" data-e-type=\"container\">\n\t\t\t\t<div class=\"elementor-element elementor-element-15f5d1e1 elementor-widget elementor-widget-image\" data-id=\"15f5d1e1\" data-element_type=\"widget\" data-e-type=\"widget\" data-widget_type=\"image.default\">\n\t\t\t\t\t\t\t\t\t\t\t\t\t\t\t<img decoding=\"async\" width=\"1920\" height=\"1440\" src=\"https:\/\/transformacionesalmenar.es\/wp-content\/uploads\/2026\/05\/648212906_1432891535299522_639844373237746824_n.jpg\" class=\"attachment-full size-full wp-image-78\" alt=\"\" srcset=\"https:\/\/transformacionesalmenar.es\/wp-content\/uploads\/2026\/05\/648212906_1432891535299522_639844373237746824_n.jpg 1920w, https:\/\/transformacionesalmenar.es\/wp-content\/uploads\/2026\/05\/648212906_1432891535299522_639844373237746824_n-300x225.jpg 300w, https:\/\/transformacionesalmenar.es\/wp-content\/uploads\/2026\/05\/648212906_1432891535299522_639844373237746824_n-1024x768.jpg 1024w, https:\/\/transformacionesalmenar.es\/wp-content\/uploads\/2026\/05\/648212906_1432891535299522_639844373237746824_n-768x576.jpg 768w, https:\/\/transformacionesalmenar.es\/wp-content\/uploads\/2026\/05\/648212906_1432891535299522_639844373237746824_n-1536x1152.jpg 1536w\" sizes=\"(max-width: 1920px) 100vw, 1920px\" \/>\t\t\t\t\t\t\t\t\t\t\t\t\t\t\t<\/div>\n\t\t\t\t<\/div>\n\t\t\t\t<\/div>\n\t\t\t\t<\/div>\n\t\t","protected":false},"excerpt":{"rendered":"<p>Especialistas en transformaci\u00f3n de fincas y servicios forestales en Sagunto En Transformaciones Almenar e Hijos S.L. somos una empresa especializada en trabajos agr\u00edcolas, forestales y movimiento de tierras, ofreciendo soluciones completas para fincas, terrenos r\u00fasticos y proyectos agr\u00edcolas. Contactanos Tu terreno en manos profesionales Con base en Sagunto (Valencia), llevamos a cabo trabajos de: Transformaci\u00f3n [&hellip;]<\/p>\n","protected":false},"author":1,"featured_media":45,"parent":0,"menu_order":0,"comment_status":"closed","ping_status":"closed","template":"elementor_header_footer","meta":{"footnotes":""},"class_list":["post-41","page","type-page","status-publish","has-post-thumbnail","hentry"],"yoast_head":"<!-- This site is optimized with the Yoast SEO plugin v27.6 - https:\/\/yoast.com\/product\/yoast-seo-wordpress\/ -->\n<title>Home - TRANSFORMACIONES ALMENAR E HIJOS S.L<\/title>\n<meta name=\"robots\" content=\"index, follow, max-snippet:-1, max-image-preview:large, max-video-preview:-1\" \/>\n<link rel=\"canonical\" href=\"https:\/\/transformacionesalmenar.es\/\" \/>\n<meta property=\"og:locale\" content=\"es_ES\" \/>\n<meta property=\"og:type\" content=\"article\" \/>\n<meta property=\"og:title\" content=\"Home - TRANSFORMACIONES ALMENAR E HIJOS S.L\" \/>\n<meta property=\"og:description\" content=\"Especialistas en transformaci\u00f3n de fincas y servicios forestales en Sagunto En Transformaciones Almenar e Hijos S.L. somos una empresa especializada en trabajos agr\u00edcolas, forestales y movimiento de tierras, ofreciendo soluciones completas para fincas, terrenos r\u00fasticos y proyectos agr\u00edcolas. Contactanos Tu terreno en manos profesionales Con base en Sagunto (Valencia), llevamos a cabo trabajos de: Transformaci\u00f3n [&hellip;]\" \/>\n<meta property=\"og:url\" content=\"https:\/\/transformacionesalmenar.es\/\" \/>\n<meta property=\"og:site_name\" content=\"TRANSFORMACIONES ALMENAR E HIJOS S.L\" \/>\n<meta property=\"article:modified_time\" content=\"2026-05-13T15:30:04+00:00\" \/>\n<meta property=\"og:image\" content=\"https:\/\/transformacionesalmenar.es\/wp-content\/uploads\/2026\/05\/Homepage-400_380.jpg\" \/>\n\t<meta property=\"og:image:width\" content=\"400\" \/>\n\t<meta property=\"og:image:height\" content=\"380\" \/>\n\t<meta property=\"og:image:type\" content=\"image\/jpeg\" \/>\n<meta name=\"twitter:card\" content=\"summary_large_image\" \/>\n<meta name=\"twitter:label1\" content=\"Tiempo de lectura\" \/>\n\t<meta name=\"twitter:data1\" content=\"5 minutos\" \/>\n<script type=\"application\/ld+json\" class=\"yoast-schema-graph\">{\"@context\":\"https:\\\/\\\/schema.org\",\"@graph\":[{\"@type\":\"WebPage\",\"@id\":\"https:\\\/\\\/transformacionesalmenar.es\\\/\",\"url\":\"https:\\\/\\\/transformacionesalmenar.es\\\/\",\"name\":\"Home - TRANSFORMACIONES ALMENAR E HIJOS S.L\",\"isPartOf\":{\"@id\":\"https:\\\/\\\/transformacionesalmenar.es\\\/#website\"},\"primaryImageOfPage\":{\"@id\":\"https:\\\/\\\/transformacionesalmenar.es\\\/#primaryimage\"},\"image\":{\"@id\":\"https:\\\/\\\/transformacionesalmenar.es\\\/#primaryimage\"},\"thumbnailUrl\":\"https:\\\/\\\/transformacionesalmenar.es\\\/wp-content\\\/uploads\\\/2026\\\/05\\\/Homepage-400_380.jpg\",\"datePublished\":\"2026-05-13T14:14:25+00:00\",\"dateModified\":\"2026-05-13T15:30:04+00:00\",\"breadcrumb\":{\"@id\":\"https:\\\/\\\/transformacionesalmenar.es\\\/#breadcrumb\"},\"inLanguage\":\"es\",\"potentialAction\":[{\"@type\":\"ReadAction\",\"target\":[\"https:\\\/\\\/transformacionesalmenar.es\\\/\"]}]},{\"@type\":\"ImageObject\",\"inLanguage\":\"es\",\"@id\":\"https:\\\/\\\/transformacionesalmenar.es\\\/#primaryimage\",\"url\":\"https:\\\/\\\/transformacionesalmenar.es\\\/wp-content\\\/uploads\\\/2026\\\/05\\\/Homepage-400_380.jpg\",\"contentUrl\":\"https:\\\/\\\/transformacionesalmenar.es\\\/wp-content\\\/uploads\\\/2026\\\/05\\\/Homepage-400_380.jpg\",\"width\":400,\"height\":380},{\"@type\":\"BreadcrumbList\",\"@id\":\"https:\\\/\\\/transformacionesalmenar.es\\\/#breadcrumb\",\"itemListElement\":[{\"@type\":\"ListItem\",\"position\":1,\"name\":\"Portada\",\"item\":\"https:\\\/\\\/transformacionesalmenar.es\\\/\"},{\"@type\":\"ListItem\",\"position\":2,\"name\":\"Home\"}]},{\"@type\":\"WebSite\",\"@id\":\"https:\\\/\\\/transformacionesalmenar.es\\\/#website\",\"url\":\"https:\\\/\\\/transformacionesalmenar.es\\\/\",\"name\":\"TRANSFORMACIONES ALMENAR E HIJOS S.L\",\"description\":\"\",\"potentialAction\":[{\"@type\":\"SearchAction\",\"target\":{\"@type\":\"EntryPoint\",\"urlTemplate\":\"https:\\\/\\\/transformacionesalmenar.es\\\/?s={search_term_string}\"},\"query-input\":{\"@type\":\"PropertyValueSpecification\",\"valueRequired\":true,\"valueName\":\"search_term_string\"}}],\"inLanguage\":\"es\"}]}<\/script>\n<!-- \/ Yoast SEO plugin. -->","yoast_head_json":{"title":"Home - TRANSFORMACIONES ALMENAR E HIJOS S.L","robots":{"index":"index","follow":"follow","max-snippet":"max-snippet:-1","max-image-preview":"max-image-preview:large","max-video-preview":"max-video-preview:-1"},"canonical":"https:\/\/transformacionesalmenar.es\/","og_locale":"es_ES","og_type":"article","og_title":"Home - TRANSFORMACIONES ALMENAR E HIJOS S.L","og_description":"Especialistas en transformaci\u00f3n de fincas y servicios forestales en Sagunto En Transformaciones Almenar e Hijos S.L. somos una empresa especializada en trabajos agr\u00edcolas, forestales y movimiento de tierras, ofreciendo soluciones completas para fincas, terrenos r\u00fasticos y proyectos agr\u00edcolas. Contactanos Tu terreno en manos profesionales Con base en Sagunto (Valencia), llevamos a cabo trabajos de: Transformaci\u00f3n [&hellip;]","og_url":"https:\/\/transformacionesalmenar.es\/","og_site_name":"TRANSFORMACIONES ALMENAR E HIJOS S.L","article_modified_time":"2026-05-13T15:30:04+00:00","og_image":[{"width":400,"height":380,"url":"https:\/\/transformacionesalmenar.es\/wp-content\/uploads\/2026\/05\/Homepage-400_380.jpg","type":"image\/jpeg"}],"twitter_card":"summary_large_image","twitter_misc":{"Tiempo de lectura":"5 minutos"},"schema":{"@context":"https:\/\/schema.org","@graph":[{"@type":"WebPage","@id":"https:\/\/transformacionesalmenar.es\/","url":"https:\/\/transformacionesalmenar.es\/","name":"Home - TRANSFORMACIONES ALMENAR E HIJOS S.L","isPartOf":{"@id":"https:\/\/transformacionesalmenar.es\/#website"},"primaryImageOfPage":{"@id":"https:\/\/transformacionesalmenar.es\/#primaryimage"},"image":{"@id":"https:\/\/transformacionesalmenar.es\/#primaryimage"},"thumbnailUrl":"https:\/\/transformacionesalmenar.es\/wp-content\/uploads\/2026\/05\/Homepage-400_380.jpg","datePublished":"2026-05-13T14:14:25+00:00","dateModified":"2026-05-13T15:30:04+00:00","breadcrumb":{"@id":"https:\/\/transformacionesalmenar.es\/#breadcrumb"},"inLanguage":"es","potentialAction":[{"@type":"ReadAction","target":["https:\/\/transformacionesalmenar.es\/"]}]},{"@type":"ImageObject","inLanguage":"es","@id":"https:\/\/transformacionesalmenar.es\/#primaryimage","url":"https:\/\/transformacionesalmenar.es\/wp-content\/uploads\/2026\/05\/Homepage-400_380.jpg","contentUrl":"https:\/\/transformacionesalmenar.es\/wp-content\/uploads\/2026\/05\/Homepage-400_380.jpg","width":400,"height":380},{"@type":"BreadcrumbList","@id":"https:\/\/transformacionesalmenar.es\/#breadcrumb","itemListElement":[{"@type":"ListItem","position":1,"name":"Portada","item":"https:\/\/transformacionesalmenar.es\/"},{"@type":"ListItem","position":2,"name":"Home"}]},{"@type":"WebSite","@id":"https:\/\/transformacionesalmenar.es\/#website","url":"https:\/\/transformacionesalmenar.es\/","name":"TRANSFORMACIONES ALMENAR E HIJOS S.L","description":"","potentialAction":[{"@type":"SearchAction","target":{"@type":"EntryPoint","urlTemplate":"https:\/\/transformacionesalmenar.es\/?s={search_term_string}"},"query-input":{"@type":"PropertyValueSpecification","valueRequired":true,"valueName":"search_term_string"}}],"inLanguage":"es"}]}},"_links":{"self":[{"href":"https:\/\/transformacionesalmenar.es\/index.php?rest_route=\/wp\/v2\/pages\/41","targetHints":{"allow":["GET"]}}],"collection":[{"href":"https:\/\/transformacionesalmenar.es\/index.php?rest_route=\/wp\/v2\/pages"}],"about":[{"href":"https:\/\/transformacionesalmenar.es\/index.php?rest_route=\/wp\/v2\/types\/page"}],"author":[{"embeddable":true,"href":"https:\/\/transformacionesalmenar.es\/index.php?rest_route=\/wp\/v2\/users\/1"}],"replies":[{"embeddable":true,"href":"https:\/\/transformacionesalmenar.es\/index.php?rest_route=%2Fwp%2Fv2%2Fcomments&post=41"}],"version-history":[{"count":22,"href":"https:\/\/transformacionesalmenar.es\/index.php?rest_route=\/wp\/v2\/pages\/41\/revisions"}],"predecessor-version":[{"id":94,"href":"https:\/\/transformacionesalmenar.es\/index.php?rest_route=\/wp\/v2\/pages\/41\/revisions\/94"}],"wp:featuredmedia":[{"embeddable":true,"href":"https:\/\/transformacionesalmenar.es\/index.php?rest_route=\/wp\/v2\/media\/45"}],"wp:attachment":[{"href":"https:\/\/transformacionesalmenar.es\/index.php?rest_route=%2Fwp%2Fv2%2Fmedia&parent=41"}],"curies":[{"name":"wp","href":"https:\/\/api.w.org\/{rel}","templated":true}]}}